{"id":2,"date":"2024-02-09T18:18:03","date_gmt":"2024-02-09T18:18:03","guid":{"rendered":"https:\/\/takeawinvintage.com\/?page_id=2"},"modified":"2025-11-03T18:48:08","modified_gmt":"2025-11-03T18:48:08","slug":"etusivu","status":"publish","type":"page","link":"https:\/\/takeawinvintage.com\/","title":{"rendered":"Etusivu"},"content":{"rendered":"\t\t<div data-elementor-type=\"wp-page\" data-elementor-id=\"2\" class=\"elementor elementor-2\" data-elementor-settings=\"{&quot;ha_cmc_init_switcher&quot;:&quot;no&quot;}\">\n\t\t\t\t<div class=\"elementor-element elementor-element-13db928 e-flex e-con-boxed e-con e-parent\" data-id=\"13db928\" data-element_type=\"container\" data-e-type=\"container\" data-settings=\"{&quot;background_background&quot;:&quot;classic&quot;,&quot;_ha_eqh_enable&quot;:false}\">\n\t\t\t\t\t<div class=\"e-con-inner\">\n\t\t\t\t<div class=\"elementor-element elementor-element-94c7afd animated-slow elementor-invisible elementor-widget elementor-widget-image\" data-id=\"94c7afd\" data-element_type=\"widget\" data-e-type=\"widget\" data-settings=\"{&quot;_animation&quot;:&quot;fadeIn&quot;}\" data-widget_type=\"image.default\">\n\t\t\t\t<div class=\"elementor-widget-container\">\n\t\t\t\t\t\t\t\t\t\t\t\t\t\t\t<img fetchpriority=\"high\" decoding=\"async\" width=\"1572\" height=\"408\" src=\"https:\/\/takeawinvintage.com\/wp-content\/uploads\/2024\/02\/Take-A-Win-Vintage-Design-Hiekkaharju.png\" class=\"attachment-full size-full wp-image-9\" alt=\"Take A Win Vintage Design Hiekkaharju\" srcset=\"https:\/\/takeawinvintage.com\/wp-content\/uploads\/2024\/02\/Take-A-Win-Vintage-Design-Hiekkaharju.png 1572w, https:\/\/takeawinvintage.com\/wp-content\/uploads\/2024\/02\/Take-A-Win-Vintage-Design-Hiekkaharju-300x78.png 300w, https:\/\/takeawinvintage.com\/wp-content\/uploads\/2024\/02\/Take-A-Win-Vintage-Design-Hiekkaharju-1024x266.png 1024w, https:\/\/takeawinvintage.com\/wp-content\/uploads\/2024\/02\/Take-A-Win-Vintage-Design-Hiekkaharju-768x199.png 768w, https:\/\/takeawinvintage.com\/wp-content\/uploads\/2024\/02\/Take-A-Win-Vintage-Design-Hiekkaharju-1536x399.png 1536w\" sizes=\"(max-width: 1572px) 100vw, 1572px\" \/>\t\t\t\t\t\t\t\t\t\t\t\t\t\t\t<\/div>\n\t\t\t\t<\/div>\n\t\t\t\t\t<\/div>\n\t\t\t\t<\/div>\n\t\t<div class=\"elementor-element elementor-element-a422df9 animated-slow e-flex e-con-boxed elementor-invisible e-con e-parent\" data-id=\"a422df9\" data-element_type=\"container\" data-e-type=\"container\" data-settings=\"{&quot;animation&quot;:&quot;fadeIn&quot;,&quot;_ha_eqh_enable&quot;:false}\">\n\t\t\t\t\t<div class=\"e-con-inner\">\n\t\t<div class=\"elementor-element elementor-element-bf70b21 e-con-full e-flex e-con e-child\" data-id=\"bf70b21\" data-element_type=\"container\" data-e-type=\"container\" data-settings=\"{&quot;_ha_eqh_enable&quot;:false}\">\n\t\t\t\t<div class=\"elementor-element elementor-element-178b4df elementor-widget elementor-widget-heading\" data-id=\"178b4df\" data-element_type=\"widget\" data-e-type=\"widget\" data-widget_type=\"heading.default\">\n\t\t\t\t<div class=\"elementor-widget-container\">\n\t\t\t\t\t<h2 class=\"elementor-heading-title elementor-size-default\">Tervetuloa\nHiekkaharjun kartanon vintage putiikkiin!\n<\/h2>\t\t\t\t<\/div>\n\t\t\t\t<\/div>\n\t\t\t\t<div class=\"elementor-element elementor-element-c3a2db4 elementor-widget elementor-widget-text-editor\" data-id=\"c3a2db4\" data-element_type=\"widget\" data-e-type=\"widget\" data-widget_type=\"text-editor.default\">\n\t\t\t\t<div class=\"elementor-widget-container\">\n\t\t\t\t\t\t\t\t\t<p>Olemme vintage-, antiikki-, sek\u00e4 design-esineiden Pop Up putiikki Konneveden Hiekkaharjun kartanossa.<\/p><p>Aukioloajat ilmoitamme sosiaaliseen mediaan IG -tilille.<\/p><p>Avaamme ovemme mieluusti my\u00f6s muuna ajankohtana sopimuksesta!<\/p>\t\t\t\t\t\t\t\t<\/div>\n\t\t\t\t<\/div>\n\t\t\t\t<div class=\"elementor-element elementor-element-468be32 elementor-align-center elementor-list-item-link-inline elementor-icon-list--layout-traditional elementor-widget elementor-widget-icon-list\" data-id=\"468be32\" data-element_type=\"widget\" data-e-type=\"widget\" data-widget_type=\"icon-list.default\">\n\t\t\t\t<div class=\"elementor-widget-container\">\n\t\t\t\t\t\t\t<ul class=\"elementor-icon-list-items\">\n\t\t\t\t\t\t\t<li class=\"elementor-icon-list-item\">\n\t\t\t\t\t\t\t\t\t\t\t<a href=\"https:\/\/www.instagram.com\/take_a_win_vintage\/\" target=\"_blank\" rel=\"nofollow noopener\">\n\n\t\t\t\t\t\t\t\t\t\t\t\t<span class=\"elementor-icon-list-icon\">\n\t\t\t\t\t\t\t<i aria-hidden=\"true\" class=\"hm hm-instagram\"><\/i>\t\t\t\t\t\t<\/span>\n\t\t\t\t\t\t\t\t\t\t<span class=\"elementor-icon-list-text\">Take A Win Vintage<\/span>\n\t\t\t\t\t\t\t\t\t\t\t<\/a>\n\t\t\t\t\t\t\t\t\t<\/li>\n\t\t\t\t\t\t<\/ul>\n\t\t\t\t\t\t<\/div>\n\t\t\t\t<\/div>\n\t\t\t\t<div class=\"elementor-element elementor-element-0619ede elementor-hidden-desktop elementor-widget elementor-widget-spacer\" data-id=\"0619ede\" data-element_type=\"widget\" data-e-type=\"widget\" data-widget_type=\"spacer.default\">\n\t\t\t\t<div class=\"elementor-widget-container\">\n\t\t\t\t\t\t\t<div class=\"elementor-spacer\">\n\t\t\t<div class=\"elementor-spacer-inner\"><\/div>\n\t\t<\/div>\n\t\t\t\t\t\t<\/div>\n\t\t\t\t<\/div>\n\t\t\t\t<\/div>\n\t\t<div class=\"elementor-element elementor-element-c904e1a e-con-full e-flex e-con e-child\" data-id=\"c904e1a\" data-element_type=\"container\" data-e-type=\"container\" data-settings=\"{&quot;_ha_eqh_enable&quot;:false}\">\n\t\t\t\t<div class=\"elementor-element elementor-element-0be458b elementor-widget elementor-widget-heading\" data-id=\"0be458b\" data-element_type=\"widget\" data-e-type=\"widget\" data-widget_type=\"heading.default\">\n\t\t\t\t<div class=\"elementor-widget-container\">\n\t\t\t\t\t<h2 class=\"elementor-heading-title elementor-size-default\">Meilt\u00e4 l\u00f6yd\u00e4t<\/h2>\t\t\t\t<\/div>\n\t\t\t\t<\/div>\n\t\t\t\t<div class=\"elementor-element elementor-element-6cd5485 elementor-widget elementor-widget-text-editor\" data-id=\"6cd5485\" data-element_type=\"widget\" data-e-type=\"widget\" data-widget_type=\"text-editor.default\">\n\t\t\t\t<div class=\"elementor-widget-container\">\n\t\t\t\t\t\t\t\t\t<p>erityisesti pohjoismaista ja italialaista muotoilua, kiinnostavia valaisimia, lasia, keramiikkaa, antiikki- sek\u00e4 semiantiikkimattoja, ryijyj\u00e4, taidetta, unohtamatta mielenkiintoisia huonekaluja. Olemme valikoineet tarjontaamme sellaisia esineit\u00e4, jotka luovat esteettisi\u00e4, yksil\u00f6llisi\u00e4, j\u00e4nnitt\u00e4vi\u00e4, hauskoja ja el\u00e4myksellisi\u00e4 sisustuskokonaisuuksia, niin kuin koko kartanommekin on. K\u00e4sity\u00f6, tuotteiden kest\u00e4vyys, ymp\u00e4rist\u00f6arvot, ovat kulmakivia toiminnassamme.\u00a0<\/p><p>Odotamme kovasti, ett\u00e4 saamme olla palveluksessanne!<\/p>\t\t\t\t\t\t\t\t<\/div>\n\t\t\t\t<\/div>\n\t\t\t\t<\/div>\n\t\t\t\t\t<\/div>\n\t\t\t\t<\/div>\n\t\t<div class=\"elementor-element elementor-element-d32b438 e-flex e-con-boxed e-con e-parent\" data-id=\"d32b438\" data-element_type=\"container\" data-e-type=\"container\" data-settings=\"{&quot;_ha_eqh_enable&quot;:false}\">\n\t\t\t\t\t<div class=\"e-con-inner\">\n\t\t\t\t<div class=\"elementor-element elementor-element-c8a2304 elementor-widget elementor-widget-heading\" data-id=\"c8a2304\" data-element_type=\"widget\" data-e-type=\"widget\" data-widget_type=\"heading.default\">\n\t\t\t\t<div class=\"elementor-widget-container\">\n\t\t\t\t\t<h2 class=\"elementor-heading-title elementor-size-default\">Puimalan Puhvetti<\/h2>\t\t\t\t<\/div>\n\t\t\t\t<\/div>\n\t\t\t\t<div class=\"elementor-element elementor-element-5d60cb2 elementor-widget elementor-widget-text-editor\" data-id=\"5d60cb2\" data-element_type=\"widget\" data-e-type=\"widget\" data-widget_type=\"text-editor.default\">\n\t\t\t\t<div class=\"elementor-widget-container\">\n\t\t\t\t\t\t\t\t\t<p>Mahdollisuuksien mukaan pyrimme pit\u00e4m\u00e4\u00e4n puimalan puhvetin auki, sielt\u00e4 saat pient\u00e4 herkuteltavaa kahvin\/teen kanssa, sek\u00e4 virvokkeita.<\/p>\t\t\t\t\t\t\t\t<\/div>\n\t\t\t\t<\/div>\n\t\t\t\t\t<\/div>\n\t\t\t\t<\/div>\n\t\t<div class=\"elementor-element elementor-element-f12d421 e-con-full animated-slow e-flex elementor-invisible e-con e-parent\" data-id=\"f12d421\" data-element_type=\"container\" data-e-type=\"container\" data-settings=\"{&quot;background_background&quot;:&quot;classic&quot;,&quot;animation&quot;:&quot;fadeIn&quot;,&quot;_ha_eqh_enable&quot;:false}\">\n\t\t<div class=\"elementor-element elementor-element-26940ec e-con-full e-flex e-con e-child\" data-id=\"26940ec\" data-element_type=\"container\" data-e-type=\"container\" data-settings=\"{&quot;background_background&quot;:&quot;classic&quot;,&quot;_ha_eqh_enable&quot;:false}\">\n\t\t\t\t<\/div>\n\t\t<div class=\"elementor-element elementor-element-25271fe e-con-full e-flex e-con e-child\" data-id=\"25271fe\" data-element_type=\"container\" data-e-type=\"container\" data-settings=\"{&quot;_ha_eqh_enable&quot;:false}\">\n\t\t\t\t<div class=\"elementor-element elementor-element-1af7b22 elementor-widget elementor-widget-heading\" data-id=\"1af7b22\" data-element_type=\"widget\" data-e-type=\"widget\" data-widget_type=\"heading.default\">\n\t\t\t\t<div class=\"elementor-widget-container\">\n\t\t\t\t\t<h2 class=\"elementor-heading-title elementor-size-default\">Meist\u00e4<\/h2>\t\t\t\t<\/div>\n\t\t\t\t<\/div>\n\t\t\t\t<div class=\"elementor-element elementor-element-baad5e3 elementor-widget elementor-widget-text-editor\" data-id=\"baad5e3\" data-element_type=\"widget\" data-e-type=\"widget\" data-widget_type=\"text-editor.default\">\n\t\t\t\t<div class=\"elementor-widget-container\">\n\t\t\t\t\t\t\t\t\t<p>Olemme Katja ja Kari Kuusinen, alunperin Helsingist\u00e4, mutta nyt jo kohta 30 vuotta maalla asuneena Hiekkaharjun kartanoa kunnostaen.<\/p><p>Ker\u00e4ily on kuulunut koko yhteisen taipaleemme harrastuksiimme ja ammatilliseksi se on muuttunut t\u00e4\u00e4ll\u00e4 maalla, sill\u00e4 olemme halunneet tehd\u00e4 talostamme tunnelmallisen, el\u00e4myksellisen ja kauniit uniikit huonekalut, valaisimet, matot, sek\u00e4 taide ovat l\u00e4hell\u00e4 syd\u00e4nt\u00e4mme.<\/p><p>Koska tavaraa on kertynyt vuosikymmenten aikana PALJON, ajattelimme, ett\u00e4 jos avaamme oman vintage\/antiikkiliikkeen, voimme jatkaa ker\u00e4ily\u00e4 viel\u00e4kin innokkaammin, toteuttaen asiakkaiden toiveita etsien sopivia esineit\u00e4 my\u00f6s teille.<\/p><p>Meille ker\u00e4ilyharrastus on tarkoittanut ymp\u00e4rist\u00f6arvojen kunnioittamista ja vastuullisuutta, l\u00f6yt\u00e4misen riemua, jatkuvaa uuden oppimista, sek\u00e4 yksil\u00f6llist\u00e4, el\u00e4myksellist\u00e4 ja j\u00e4nnitt\u00e4v\u00e4\u00e4 sisustamista!\u00a0<\/p><p>T\u00e4t\u00e4 iloa haluamme jakaa kanssanne!<\/p>\t\t\t\t\t\t\t\t<\/div>\n\t\t\t\t<\/div>\n\t\t\t\t<div class=\"elementor-element elementor-element-3a72dc9 elementor-widget elementor-widget-heading\" data-id=\"3a72dc9\" data-element_type=\"widget\" data-e-type=\"widget\" data-widget_type=\"heading.default\">\n\t\t\t\t<div class=\"elementor-widget-container\">\n\t\t\t\t\t<h2 class=\"elementor-heading-title elementor-size-default\">L\u00e4mpim\u00e4sti tervetuloa meille! <br>\nKatja ja Kari\n<\/h2>\t\t\t\t<\/div>\n\t\t\t\t<\/div>\n\t\t\t\t<\/div>\n\t\t\t\t<\/div>\n\t\t<div class=\"elementor-element elementor-element-569b178 e-flex e-con-boxed e-con e-parent\" data-id=\"569b178\" data-element_type=\"container\" data-e-type=\"container\" data-settings=\"{&quot;_ha_eqh_enable&quot;:false}\">\n\t\t\t\t\t<div class=\"e-con-inner\">\n\t\t\t\t<div class=\"elementor-element elementor-element-6050116 elementor-widget elementor-widget-heading\" data-id=\"6050116\" data-element_type=\"widget\" data-e-type=\"widget\" data-widget_type=\"heading.default\">\n\t\t\t\t<div class=\"elementor-widget-container\">\n\t\t\t\t\t<h2 class=\"elementor-heading-title elementor-size-default\">Ryhm\u00e4t<\/h2>\t\t\t\t<\/div>\n\t\t\t\t<\/div>\n\t\t\t\t<div class=\"elementor-element elementor-element-95ffe34 elementor-widget elementor-widget-text-editor\" data-id=\"95ffe34\" data-element_type=\"widget\" data-e-type=\"widget\" data-widget_type=\"text-editor.default\">\n\t\t\t\t<div class=\"elementor-widget-container\">\n\t\t\t\t\t\t\t\t\t<p>Toivotamme ryhm\u00e4t tervetulleeksi kartanoon my\u00f6s muuna kuin aukioloaikoina, sill\u00e4 varaamalla etuk\u00e4teen kartanokierroksen, p\u00e4\u00e4sette n\u00e4kem\u00e4\u00e4n ja aistimaan kaikki tilamme rakennukset opastetulla kartanokierroksella. <br>P\u00e4\u00e4t\u00e4mme kierroksen kahvihetkeen kera herkullisen leivonnaisen.<br>Kierroksen kesto noin tunti.<\/p>\n<p>Hinta: 25 \u20ac \/ hl\u00f6 sis\u00e4lt\u00e4en kahvituksen ja opastetun kierroksen.<br>Avaamme my\u00f6s putiikin ryhm\u00e4lle kierroksen j\u00e4lkeen.<\/p>\n<p>Ryhm\u00e4n minimikoko 5 hl\u00f6. <br>Varausta tehdess\u00e4 ilmoitathan mahdolliset erityisruokavaliot.<\/p>\t\t\t\t\t\t\t\t<\/div>\n\t\t\t\t<\/div>\n\t\t\t\t\t<\/div>\n\t\t\t\t<\/div>\n\t\t<div class=\"elementor-element elementor-element-e303247 e-con-full e-flex e-con e-parent\" data-id=\"e303247\" data-element_type=\"container\" data-e-type=\"container\" data-settings=\"{&quot;_ha_eqh_enable&quot;:false}\">\n\t\t\t\t<div class=\"elementor-element elementor-element-bccbfdb ha-image-grid--even elementor-widget elementor-widget-ha-image-grid happy-addon ha-image-grid\" data-id=\"bccbfdb\" data-element_type=\"widget\" data-e-type=\"widget\" data-settings=\"{&quot;layout&quot;:&quot;even&quot;}\" data-widget_type=\"ha-image-grid.default\">\n\t\t\t\t<div class=\"elementor-widget-container\">\n\t\t\t\t\t\n\t\t<div class=\"ha-image-grid__wrap hajs-isotope\">\n\t\t\t\t\t\t\t\n\t\t\t\t<figure  class=\"ha-image-grid__item ha-js-lightbox __fltr-1\">\n\t\t\t\t\t<img decoding=\"async\" width=\"1024\" height=\"1280\" src=\"https:\/\/takeawinvintage.com\/wp-content\/uploads\/2024\/05\/Take-A-Win-Vintage-Hiekkaharju-Galleria9.jpg\" class=\"elementor-animation-grow\" alt=\"\" srcset=\"https:\/\/takeawinvintage.com\/wp-content\/uploads\/2024\/05\/Take-A-Win-Vintage-Hiekkaharju-Galleria9.jpg 1024w, https:\/\/takeawinvintage.com\/wp-content\/uploads\/2024\/05\/Take-A-Win-Vintage-Hiekkaharju-Galleria9-240x300.jpg 240w, https:\/\/takeawinvintage.com\/wp-content\/uploads\/2024\/05\/Take-A-Win-Vintage-Hiekkaharju-Galleria9-819x1024.jpg 819w, https:\/\/takeawinvintage.com\/wp-content\/uploads\/2024\/05\/Take-A-Win-Vintage-Hiekkaharju-Galleria9-768x960.jpg 768w\" sizes=\"(max-width: 1024px) 100vw, 1024px\" \/>\t\t\t\t<\/figure>\n\t\t\t\t\t\t\t\n\t\t\t\t<figure  class=\"ha-image-grid__item ha-js-lightbox __fltr-1\">\n\t\t\t\t\t<img decoding=\"async\" width=\"1445\" height=\"1927\" src=\"https:\/\/takeawinvintage.com\/wp-content\/uploads\/2024\/05\/Take-A-Win-Vintage-Hiekkaharju-Galleria8.jpg\" class=\"elementor-animation-grow\" alt=\"\" srcset=\"https:\/\/takeawinvintage.com\/wp-content\/uploads\/2024\/05\/Take-A-Win-Vintage-Hiekkaharju-Galleria8.jpg 1445w, https:\/\/takeawinvintage.com\/wp-content\/uploads\/2024\/05\/Take-A-Win-Vintage-Hiekkaharju-Galleria8-225x300.jpg 225w, https:\/\/takeawinvintage.com\/wp-content\/uploads\/2024\/05\/Take-A-Win-Vintage-Hiekkaharju-Galleria8-768x1024.jpg 768w, https:\/\/takeawinvintage.com\/wp-content\/uploads\/2024\/05\/Take-A-Win-Vintage-Hiekkaharju-Galleria8-1152x1536.jpg 1152w\" sizes=\"(max-width: 1445px) 100vw, 1445px\" \/>\t\t\t\t<\/figure>\n\t\t\t\t\t\t\t\n\t\t\t\t<figure  class=\"ha-image-grid__item ha-js-lightbox __fltr-1\">\n\t\t\t\t\t<img loading=\"lazy\" decoding=\"async\" width=\"1472\" height=\"1963\" src=\"https:\/\/takeawinvintage.com\/wp-content\/uploads\/2024\/05\/Take-A-Win-Vintage-Hiekkaharju-Galleria6.jpg\" class=\"elementor-animation-grow\" alt=\"\" srcset=\"https:\/\/takeawinvintage.com\/wp-content\/uploads\/2024\/05\/Take-A-Win-Vintage-Hiekkaharju-Galleria6.jpg 1472w, https:\/\/takeawinvintage.com\/wp-content\/uploads\/2024\/05\/Take-A-Win-Vintage-Hiekkaharju-Galleria6-225x300.jpg 225w, https:\/\/takeawinvintage.com\/wp-content\/uploads\/2024\/05\/Take-A-Win-Vintage-Hiekkaharju-Galleria6-768x1024.jpg 768w, https:\/\/takeawinvintage.com\/wp-content\/uploads\/2024\/05\/Take-A-Win-Vintage-Hiekkaharju-Galleria6-1152x1536.jpg 1152w\" sizes=\"(max-width: 1472px) 100vw, 1472px\" \/>\t\t\t\t<\/figure>\n\t\t\t\t\t\t\t\n\t\t\t\t<figure  class=\"ha-image-grid__item ha-js-lightbox __fltr-1\">\n\t\t\t\t\t<img loading=\"lazy\" decoding=\"async\" width=\"1192\" height=\"1468\" src=\"https:\/\/takeawinvintage.com\/wp-content\/uploads\/2024\/05\/Take-A-Win-Vintage-Hiekkaharju-Galleria5.jpg\" class=\"elementor-animation-grow\" alt=\"\" srcset=\"https:\/\/takeawinvintage.com\/wp-content\/uploads\/2024\/05\/Take-A-Win-Vintage-Hiekkaharju-Galleria5.jpg 1192w, https:\/\/takeawinvintage.com\/wp-content\/uploads\/2024\/05\/Take-A-Win-Vintage-Hiekkaharju-Galleria5-244x300.jpg 244w, https:\/\/takeawinvintage.com\/wp-content\/uploads\/2024\/05\/Take-A-Win-Vintage-Hiekkaharju-Galleria5-831x1024.jpg 831w, https:\/\/takeawinvintage.com\/wp-content\/uploads\/2024\/05\/Take-A-Win-Vintage-Hiekkaharju-Galleria5-768x946.jpg 768w\" sizes=\"(max-width: 1192px) 100vw, 1192px\" \/>\t\t\t\t<\/figure>\n\t\t\t\t\t\t\t\n\t\t\t\t<figure  class=\"ha-image-grid__item ha-js-lightbox __fltr-1\">\n\t\t\t\t\t<img loading=\"lazy\" decoding=\"async\" width=\"1512\" height=\"2016\" src=\"https:\/\/takeawinvintage.com\/wp-content\/uploads\/2024\/05\/Take-A-Win-Vintage-Hiekkaharju-Galleria4.jpg\" class=\"elementor-animation-grow\" alt=\"\" srcset=\"https:\/\/takeawinvintage.com\/wp-content\/uploads\/2024\/05\/Take-A-Win-Vintage-Hiekkaharju-Galleria4.jpg 1512w, https:\/\/takeawinvintage.com\/wp-content\/uploads\/2024\/05\/Take-A-Win-Vintage-Hiekkaharju-Galleria4-225x300.jpg 225w, https:\/\/takeawinvintage.com\/wp-content\/uploads\/2024\/05\/Take-A-Win-Vintage-Hiekkaharju-Galleria4-768x1024.jpg 768w, https:\/\/takeawinvintage.com\/wp-content\/uploads\/2024\/05\/Take-A-Win-Vintage-Hiekkaharju-Galleria4-1152x1536.jpg 1152w\" sizes=\"(max-width: 1512px) 100vw, 1512px\" \/>\t\t\t\t<\/figure>\n\t\t\t\t\t\t\t\n\t\t\t\t<figure  class=\"ha-image-grid__item ha-js-lightbox __fltr-1\">\n\t\t\t\t\t<img loading=\"lazy\" decoding=\"async\" width=\"1499\" height=\"1999\" src=\"https:\/\/takeawinvintage.com\/wp-content\/uploads\/2024\/05\/Take-A-Win-Vintage-Hiekkaharju-Galleria3.jpg\" class=\"elementor-animation-grow\" alt=\"\" srcset=\"https:\/\/takeawinvintage.com\/wp-content\/uploads\/2024\/05\/Take-A-Win-Vintage-Hiekkaharju-Galleria3.jpg 1499w, https:\/\/takeawinvintage.com\/wp-content\/uploads\/2024\/05\/Take-A-Win-Vintage-Hiekkaharju-Galleria3-225x300.jpg 225w, https:\/\/takeawinvintage.com\/wp-content\/uploads\/2024\/05\/Take-A-Win-Vintage-Hiekkaharju-Galleria3-768x1024.jpg 768w, https:\/\/takeawinvintage.com\/wp-content\/uploads\/2024\/05\/Take-A-Win-Vintage-Hiekkaharju-Galleria3-1152x1536.jpg 1152w\" sizes=\"(max-width: 1499px) 100vw, 1499px\" \/>\t\t\t\t<\/figure>\n\t\t\t\t\t\t\t\n\t\t\t\t<figure  class=\"ha-image-grid__item ha-js-lightbox __fltr-1\">\n\t\t\t\t\t<img loading=\"lazy\" decoding=\"async\" width=\"1368\" height=\"2015\" src=\"https:\/\/takeawinvintage.com\/wp-content\/uploads\/2024\/05\/Take-A-Win-Vintage-Hiekkaharju-Galleria2jpg.jpg\" class=\"elementor-animation-grow\" alt=\"\" srcset=\"https:\/\/takeawinvintage.com\/wp-content\/uploads\/2024\/05\/Take-A-Win-Vintage-Hiekkaharju-Galleria2jpg.jpg 1368w, https:\/\/takeawinvintage.com\/wp-content\/uploads\/2024\/05\/Take-A-Win-Vintage-Hiekkaharju-Galleria2jpg-204x300.jpg 204w, https:\/\/takeawinvintage.com\/wp-content\/uploads\/2024\/05\/Take-A-Win-Vintage-Hiekkaharju-Galleria2jpg-695x1024.jpg 695w, https:\/\/takeawinvintage.com\/wp-content\/uploads\/2024\/05\/Take-A-Win-Vintage-Hiekkaharju-Galleria2jpg-768x1131.jpg 768w, https:\/\/takeawinvintage.com\/wp-content\/uploads\/2024\/05\/Take-A-Win-Vintage-Hiekkaharju-Galleria2jpg-1043x1536.jpg 1043w\" sizes=\"(max-width: 1368px) 100vw, 1368px\" \/>\t\t\t\t<\/figure>\n\t\t\t\t\t\t\t\n\t\t\t\t<figure  class=\"ha-image-grid__item ha-js-lightbox __fltr-1\">\n\t\t\t\t\t<img loading=\"lazy\" decoding=\"async\" width=\"1512\" height=\"2016\" src=\"https:\/\/takeawinvintage.com\/wp-content\/uploads\/2024\/05\/Take-A-Win-Vintage-Hiekkaharju-Galleria7.jpg\" class=\"elementor-animation-grow\" alt=\"\" srcset=\"https:\/\/takeawinvintage.com\/wp-content\/uploads\/2024\/05\/Take-A-Win-Vintage-Hiekkaharju-Galleria7.jpg 1512w, https:\/\/takeawinvintage.com\/wp-content\/uploads\/2024\/05\/Take-A-Win-Vintage-Hiekkaharju-Galleria7-225x300.jpg 225w, https:\/\/takeawinvintage.com\/wp-content\/uploads\/2024\/05\/Take-A-Win-Vintage-Hiekkaharju-Galleria7-768x1024.jpg 768w, https:\/\/takeawinvintage.com\/wp-content\/uploads\/2024\/05\/Take-A-Win-Vintage-Hiekkaharju-Galleria7-1152x1536.jpg 1152w\" sizes=\"(max-width: 1512px) 100vw, 1512px\" \/>\t\t\t\t<\/figure>\n\t\t\t\t\t\t\t\n\t\t\t\t<figure  class=\"ha-image-grid__item ha-js-lightbox __fltr-1\">\n\t\t\t\t\t<img loading=\"lazy\" decoding=\"async\" width=\"1512\" height=\"2016\" src=\"https:\/\/takeawinvintage.com\/wp-content\/uploads\/2024\/05\/Take-A-Win-Vintage-Hiekkaharju-Galleria1.jpg\" class=\"elementor-animation-grow\" alt=\"\" srcset=\"https:\/\/takeawinvintage.com\/wp-content\/uploads\/2024\/05\/Take-A-Win-Vintage-Hiekkaharju-Galleria1.jpg 1512w, https:\/\/takeawinvintage.com\/wp-content\/uploads\/2024\/05\/Take-A-Win-Vintage-Hiekkaharju-Galleria1-225x300.jpg 225w, https:\/\/takeawinvintage.com\/wp-content\/uploads\/2024\/05\/Take-A-Win-Vintage-Hiekkaharju-Galleria1-768x1024.jpg 768w, https:\/\/takeawinvintage.com\/wp-content\/uploads\/2024\/05\/Take-A-Win-Vintage-Hiekkaharju-Galleria1-1152x1536.jpg 1152w\" sizes=\"(max-width: 1512px) 100vw, 1512px\" \/>\t\t\t\t<\/figure>\n\t\t\t\t\t\t\t\n\t\t\t\t<figure  class=\"ha-image-grid__item ha-js-lightbox __fltr-1\">\n\t\t\t\t\t<img loading=\"lazy\" decoding=\"async\" width=\"1512\" height=\"2016\" src=\"https:\/\/takeawinvintage.com\/wp-content\/uploads\/2024\/05\/Take-A-Win-Vintage-Hiekkaharju-Galleria10.jpg\" class=\"elementor-animation-grow\" alt=\"\" srcset=\"https:\/\/takeawinvintage.com\/wp-content\/uploads\/2024\/05\/Take-A-Win-Vintage-Hiekkaharju-Galleria10.jpg 1512w, https:\/\/takeawinvintage.com\/wp-content\/uploads\/2024\/05\/Take-A-Win-Vintage-Hiekkaharju-Galleria10-225x300.jpg 225w, https:\/\/takeawinvintage.com\/wp-content\/uploads\/2024\/05\/Take-A-Win-Vintage-Hiekkaharju-Galleria10-768x1024.jpg 768w, https:\/\/takeawinvintage.com\/wp-content\/uploads\/2024\/05\/Take-A-Win-Vintage-Hiekkaharju-Galleria10-1152x1536.jpg 1152w\" sizes=\"(max-width: 1512px) 100vw, 1512px\" \/>\t\t\t\t<\/figure>\n\t\t\t\t\t<\/div>\n\n\t\t\t\t\t\t<\/div>\n\t\t\t\t<\/div>\n\t\t\t\t<\/div>\n\t\t\t\t<\/div>\n\t\t","protected":false},"excerpt":{"rendered":"<p>Tervetuloa Hiekkaharjun kartanon vintage putiikkiin! Olemme vintage-, antiikki-, sek\u00e4 design-esineiden Pop Up putiikki Konneveden Hiekkaharjun kartanossa. Aukioloajat ilmoitamme sosiaaliseen mediaan IG -tilille. Avaamme ovemme mieluusti my\u00f6s muuna ajankohtana sopimuksesta! Take A Win Vintage Meilt\u00e4 l\u00f6yd\u00e4t erityisesti pohjoismaista ja italialaista muotoilua, kiinnostavia valaisimia, lasia, keramiikkaa, antiikki- sek\u00e4 semiantiikkimattoja, ryijyj\u00e4, taidetta, unohtamatta mielenkiintoisia huonekaluja. Olemme valikoineet tarjontaamme [&hellip;]<\/p>\n","protected":false},"author":1,"featured_media":0,"parent":0,"menu_order":0,"comment_status":"closed","ping_status":"closed","template":"elementor_canvas","meta":{"footnotes":""},"class_list":["post-2","page","type-page","status-publish","hentry"],"_links":{"self":[{"href":"https:\/\/takeawinvintage.com\/index.php?rest_route=\/wp\/v2\/pages\/2","targetHints":{"allow":["GET"]}}],"collection":[{"href":"https:\/\/takeawinvintage.com\/index.php?rest_route=\/wp\/v2\/pages"}],"about":[{"href":"https:\/\/takeawinvintage.com\/index.php?rest_route=\/wp\/v2\/types\/page"}],"author":[{"embeddable":true,"href":"https:\/\/takeawinvintage.com\/index.php?rest_route=\/wp\/v2\/users\/1"}],"replies":[{"embeddable":true,"href":"https:\/\/takeawinvintage.com\/index.php?rest_route=%2Fwp%2Fv2%2Fcomments&post=2"}],"version-history":[{"count":155,"href":"https:\/\/takeawinvintage.com\/index.php?rest_route=\/wp\/v2\/pages\/2\/revisions"}],"predecessor-version":[{"id":253,"href":"https:\/\/takeawinvintage.com\/index.php?rest_route=\/wp\/v2\/pages\/2\/revisions\/253"}],"wp:attachment":[{"href":"https:\/\/takeawinvintage.com\/index.php?rest_route=%2Fwp%2Fv2%2Fmedia&parent=2"}],"curies":[{"name":"wp","href":"https:\/\/api.w.org\/{rel}","templated":true}]}}